{"id":3,"date":"2022-03-08T13:46:47","date_gmt":"2022-03-08T13:46:47","guid":{"rendered":"https:\/\/adrenalintour.hu\/?page_id=3"},"modified":"2023-03-26T14:09:55","modified_gmt":"2023-03-26T14:09:55","slug":"adatkezelesi-tajekoztato","status":"publish","type":"page","link":"https:\/\/adrenalintour.hu\/en\/adatkezelesi-tajekoztato\/","title":{"rendered":"Adatkezel\u00e9si t\u00e1j\u00e9koztat\u00f3"},"content":{"rendered":"<h1 class=\"wp-block-heading\"><b>\u00c1ltal\u00e1nos szerz\u0151d\u00e9si felt\u00e9telek<\/b><\/h1>\r\n<p><span style=\"font-weight: 400;\">K\u00e9rj\u00fck, amennyiben akt\u00edv felhaszn\u00e1l\u00f3ja k\u00edv\u00e1nsz lenni szolg\u00e1ltat\u00e1sinknak, figyelmesen olvass el az \u00c1ltal\u00e1nos Szerz\u0151d\u00e9si Felt\u00e9teleinket \u00e9s kiz\u00e1r\u00f3lag abban az esetben vedd ig\u00e9nybe azokat, amennyiben minden pontj\u00e1val egyet\u00e9rtesz, \u00e9s k\u00f6telez\u0151 \u00e9rv\u00e9ny\u0171nek tekinted magadra n\u00e9zve.<\/span><\/p>\r\n<p><span style=\"font-weight: 400;\">Jelen dokumentum nem ker\u00fcl iktat\u00e1sra, kiz\u00e1r\u00f3lag elektronikus form\u00e1ban ker\u00fcl megk\u00f6t\u00e9sre, k\u00e9s\u0151bbiekben nem kereshet\u0151 vissza, magatart\u00e1si k\u00f3dexre nem utal.\u00a0<\/span><\/p>\r\n<h3><b>\u00dczemeltet\u0151i adatok<\/b><\/h3>\r\n<ul>\r\n<li style=\"font-weight: 400;\" aria-level=\"1\"><span style=\"font-weight: 400;\">N\u00e9v: Debreceni-Schmidt D\u00f3ra egy\u00e9ni v\u00e1llalkoz\u00f3<\/span><\/li>\r\n<li style=\"font-weight: 400;\" aria-level=\"1\"><span style=\"font-weight: 400;\">Sz\u00e9khely: 8600 Si\u00f3fok, Asztalos utca 99.<\/span><\/li>\r\n<li style=\"font-weight: 400;\" aria-level=\"1\"><span style=\"font-weight: 400;\">Ad\u00f3sz\u00e1m: 55375195-1-34\u00a0<\/span><\/li>\r\n<li style=\"font-weight: 400;\" aria-level=\"1\"><span style=\"font-weight: 400;\">Statisztikai sz\u00e1mjel: 55375195-7721-231-14\u00a0<\/span><\/li>\r\n<li style=\"font-weight: 400;\" aria-level=\"1\"><span style=\"font-weight: 400;\">Kibocs\u00e1jt\u00f3 c\u00e9gb\u00edr\u00f3s\u00e1g, okm\u00e1nyiroda: Kaposv\u00e1ri T\u00f6rv\u00e9nysz\u00e9k C\u00e9gb\u00edr\u00f3s\u00e1ga\u00a0<\/span><\/li>\r\n<li style=\"font-weight: 400;\" aria-level=\"1\"><span style=\"font-weight: 400;\">Szerz\u0151d\u00e9s nyelve: Magyar\u00a0<\/span><\/li>\r\n<li style=\"font-weight: 400;\" aria-level=\"1\"><span style=\"font-weight: 400;\">Elektronikus el\u00e9rhet\u0151s\u00e9g: derri@freemail.hu\u00a0<\/span><\/li>\r\n<li style=\"font-weight: 400;\" aria-level=\"1\"><span style=\"font-weight: 400;\">Web: www.adrenalintour.hu\u00a0<\/span><\/li>\r\n<li style=\"font-weight: 400;\" aria-level=\"1\"><span style=\"font-weight: 400;\">Facebook: https:\/\/www.facebook.com\/adrenalintour.balaton\/<\/span><\/li>\r\n<li style=\"font-weight: 400;\" aria-level=\"1\"><span style=\"font-weight: 400;\">Telefonos el\u00e9rhet\u0151s\u00e9g: +36 30 942 4898, \u00fcgyint\u00e9z\u0151: Debreceni Zolt\u00e1n<\/span><\/li>\r\n<\/ul>\r\n<p><span style=\"font-weight: 400;\">tov\u00e1bbiakban, \u00dczemeltet\u0151.<\/span><\/p>\r\n<h3><b>A k\u00edn\u00e1lt term\u00e9k(ek) az al\u00e1bbiak szerint kategoriz\u00e1lhat\u00f3(ak)<\/b><\/h3>\r\n<ul>\r\n<li style=\"font-weight: 400;\" aria-level=\"1\"><span style=\"font-weight: 400;\">772101 \u2013 Szabadid\u0151s \u00e9s sporteszk\u00f6z k\u00f6lcs\u00f6nz\u00e9se<\/span><\/li>\r\n<\/ul>\r\n<p><b>Szolg\u00e1ltat\u00e1sban szerepl\u0151 term\u00e9k megnevez\u00e9se, le\u00edr\u00e1sa<\/b><\/p>\r\n<p><span style=\"font-weight: 400;\">Can-Am Maverick X3 Turbo RR, 2 szem\u00e9lyes terepj\u00e1r\u00f3.<\/span><\/p>\r\n<p><span style=\"font-weight: 400;\"><br \/><\/span><b>Szolg\u00e1ltat\u00e1s ig\u00e9nybev\u00e9tel\u00e9nek felt\u00e9telei<\/b><\/p>\r\n<ul>\r\n<li style=\"font-weight: 400;\" aria-level=\"1\"><span style=\"font-weight: 400;\">A j\u00e1rm\u0171 csak \u00e9rv\u00e9nyes jogos\u00edtv\u00e1nnyal vezethet\u0151.\u00a0<\/span><\/li>\r\n<li style=\"font-weight: 400;\" aria-level=\"1\"><span style=\"font-weight: 400;\">\u00c9rv\u00e9nyes jogos\u00edtv\u00e1ny n\u00e9lk\u00fcl a szolg\u00e1ltat\u00e1s kiz\u00e1r\u00f3lag utask\u00e9nt vehet\u0151 ig\u00e9nybe.<\/span><\/li>\r\n<li style=\"font-weight: 400;\" aria-level=\"1\"><span style=\"font-weight: 400;\">A t\u00fara Si\u00f3fok k\u00f6rny\u00e9k\u00e9r\u0151l indul.\u00a0<\/span><\/li>\r\n<li style=\"font-weight: 400;\" aria-level=\"1\"><span style=\"font-weight: 400;\">\u00c9rv\u00e9nyes jogos\u00edtv\u00e1nnyal rendelkez\u0151k a t\u00fara alatt a j\u00e1rm\u0171vet az els\u0151 10 perc kiv\u00e9tel\u00e9vel v\u00e9gig vezethetik. Az els\u0151 10 percben a t\u00faravezet\u0151, a marad\u00e9k id\u0151ben \u00dcgyf\u00e9l vezet, a t\u00faravezet\u0151 jelenl\u00e9t\u00e9ben.<\/span><\/li>\r\n<li style=\"font-weight: 400;\" aria-level=\"1\"><span style=\"font-weight: 400;\">A j\u00e1rm\u0171vet kiz\u00e1r\u00f3lag olyan szem\u00e9ly vezetheti, aki nem fogyasztott a t\u00fara el\u0151tt szeszes italt, esetleg egy\u00e9b tudatm\u00f3dos\u00edt\u00f3 szereket, cselekv\u0151k\u00e9pes.<\/span><\/li>\r\n<li style=\"font-weight: 400;\" aria-level=\"1\"><span style=\"font-weight: 400;\">Minden b\u00e9rl\u0151nek el kell olvasnia, meg kell \u00e9rtenie \u00e9s al\u00e1 kell \u00edrnia a \u201eB\u00e9rleti Szerz\u0151d\u00e9st\u201d \u00e9s a \u201eFelel\u0151ss\u00e9gi nyilatkozatot\u201d a j\u00e1rm\u0171 haszn\u00e1lata el\u0151tt.\u00a0<\/span><\/li>\r\n<li style=\"font-weight: 400;\" aria-level=\"1\"><span style=\"font-weight: 400;\">A szolg\u00e1ltat\u00e1s megrendel\u00e9se saj\u00e1t felel\u0151ss\u00e9gre t\u00f6rt\u00e9nik.<\/span><\/li>\r\n<\/ul>\r\n<h2>\u00a0<\/h2>\r\n<p><b>Szolg\u00e1ltat\u00e1s megrendel\u00e9se<\/b><\/p>\r\n<p><span style=\"font-weight: 400;\">Jelen pillanatban a weboldalon meghirdetett szolg\u00e1ltat\u00e1st telefonon a +36 30 942 4898 telefonsz\u00e1mon vagy e-mailben a <\/span><a href=\"mailto:derri@freemail.hu\"><span style=\"font-weight: 400;\">derri@freemail.hu<\/span><\/a><span style=\"font-weight: 400;\"> e-mail-c\u00edmen rendelheted meg, esetleg Facebookon kereszt\u00fcl (<\/span><a href=\"https:\/\/www.facebook.com\/adrenalintour.balaton\/\"><span style=\"font-weight: 400;\">https:\/\/www.facebook.com\/adrenalintour.balaton\/<\/span><\/a><span style=\"font-weight: 400;\">) \u00fczenetben. A megrendel\u00e9s id\u0151pont foglal\u00e1son kereszt\u00fcl t\u00f6rt\u00e9nik, mely az \u00dczemeltet\u0151 \u00e9s \u00dcgyf\u00e9l k\u00f6z\u00f6s megegyez\u00e9s\u00e9n alapszik.<\/span><\/p>\r\n<p><b>Id\u0151pont kezel\u00e9s<\/b><\/p>\r\n<p><span style=\"font-weight: 400;\">Booking<\/span><span style=\"font-weight: 400;\">: Telefonos \u00e9rdekl\u0151d\u00e9s, illetve megrendel\u00e9s sor\u00e1n \u00dczemeltet\u0151 \u00e9s \u00dcgyf\u00e9l sz\u00f3ban vagy \u00edr\u00e1sos form\u00e1ban megegyeznek, hogy \u00dcgyf\u00e9l az \u00dczemeltet\u0151 \u00e1ltal k\u00edn\u00e1lt szolg\u00e1ltat\u00e1st mikor tudja \u00e9s akarja ig\u00e9nybe venni saj\u00e1t maga, esetlegesen aj\u00e1nd\u00e9koz\u00e1s c\u00edm\u00e9n harmadik f\u00e9l sz\u00e1m\u00e1ra.\u00a0<\/span><\/p>\r\n<p><span style=\"font-weight: 400;\">M\u00f3dos\u00edt\u00e1s<\/span><span style=\"font-weight: 400;\">: Mind az \u00dcgyf\u00e9lnek, mind az \u00dczemeltet\u0151nek joga van a m\u00e1r lefoglalt id\u0151pont m\u00f3dos\u00edt\u00e1s\u00e1ra, cs\u00fasztat\u00e1s\u00e1ra, amennyiben azt a k\u00f6r\u00fclm\u00e9nyek sz\u00fcks\u00e9gess\u00e9 teszik.<\/span><span style=\"font-weight: 400;\"><br \/><\/span><span style=\"font-weight: 400;\">A telefonon vagy \u00fczenetben lefoglalt id\u0151pontot \u00edr\u00e1sban lehet m\u00f3dos\u00edtani, m\u00e1s id\u0151pontra tenni.<\/span><\/p>\r\n<p><span style=\"font-weight: 400;\">T\u00f6rl\u00e9s<\/span><span style=\"font-weight: 400;\">: Id\u0151pontot \u00edr\u00e1sban a t\u00fara megkezd\u00e9s\u00e9t megel\u0151z\u0151en legfeljebb 48 \u00f3r\u00e1val tud \u00dcgyf\u00e9l t\u00f6r\u00f6lni indokolt esetben. K\u00e9s\u0151bbi, vagy a t\u00fara idej\u00e9re es\u0151 lemond\u00e1s eset\u00e9n \u00dczemeltet\u0151 fenntartja a jogot, hogy az \u00e1tadott el\u0151leget r\u00e9szben vagy teljes eg\u00e9sz\u00e9ben visszatartja.<\/span><span style=\"font-weight: 400;\"><br \/><\/span><span style=\"font-weight: 400;\">\u00dczemeltet\u0151 fenntartja a jogot, hogy indokolt esetben, az \u00dcgyfelet \u00e9rtes\u00edtve, lefoglalt id\u0151pontot m\u00f3dos\u00edtson vagy m\u00e1sik id\u0151pontra \u00e1thelyezzen, esetlegesen azt teljesen t\u00f6r\u00f6lje.<\/span><\/p>\r\n<p><b>Fizet\u00e9s<\/b><\/p>\r\n<p><span style=\"font-weight: 400;\">A szolg\u00e1ltat\u00e1s d\u00edja: \u2026\u2026, melyet \u00dcgyf\u00e9l r\u00e9szben vagy teljes eg\u00e9sz\u00e9ben el\u0151re utal\u00e1ssal vagy a t\u00fara megkezd\u00e9sekor k\u00e9szp\u00e9nzben fizet \u00dczemeltet\u0151 r\u00e9sz\u00e9re. Lemond\u00e1s eset\u00e9n \u00dczemeltet\u0151 az el\u0151re \u00e1tutalt \u00f6sszeg eg\u00e9sz\u00e9t, k\u00e9sedelmes lemond\u00e1s eset\u00e9n pedig az \u00e1tutalt \u00f6sszeg egy r\u00e9sz\u00e9t (<\/span><span style=\"font-weight: 400;\">\u2026\u2026.. %<\/span><span style=\"font-weight: 400;\"> ) visszautalja \u00dcgyf\u00e9l r\u00e9sz\u00e9re.<\/span><\/p>\r\n<p><span style=\"font-weight: 400;\">A szolg\u00e1ltat\u00e1s ig\u00e9nybev\u00e9tel\u00e9nek tov\u00e1bbi felt\u00e9tele \u2026\u2026\u2026. kauci\u00f3 k\u00e9szp\u00e9nzbeli kifizet\u00e9se a t\u00fara megkezd\u00e9sekor, melyet a t\u00fara v\u00e9g\u00e9n \u00dczemeltet\u0151 visszaad.<\/span><\/p>\r\n<p><b>Biztos\u00edt\u00e1s<\/b><\/p>\r\n<p><span style=\"font-weight: 400;\">A fent megnevezett j\u00e1rm\u0171 \u00e9s \u00dczemeltet\u0151 minden sz\u00fcks\u00e9ges biztos\u00edt\u00e1ssal (k\u00f6telez\u0151 g\u00e9pj\u00e1rm\u0171 biztos\u00edt\u00e1s, felel\u0151ss\u00e9g biztos\u00edt\u00e1s, baleset biztos\u00edt\u00e1s) rendelkezik.<\/span><\/p>\r\n<h3><b>Adatkezel\u00e9s<\/b><\/h3>\r\n<p><span style=\"font-weight: 400;\">Az web\u00e1ruh\u00e1z haszn\u00e1lata sor\u00e1n \u00dczemeltet\u0151 rendelkez\u00e9s\u00e9re bocs\u00e1tott szem\u00e9lyes adatokat bizalmasan kezeli, \u00e9s nem adja ki tov\u00e1bbi f\u00e9l sz\u00e1m\u00e1ra, kiv\u00e9ve abban az esetben amennyiben ez a harmadik f\u00e9l \u00dczemeltet\u0151 Alv\u00e1llalkoz\u00f3ja. A web\u00e1ruh\u00e1z b\u00f6ng\u00e9sz\u00e9se folyam\u00e1n technikai inform\u00e1ci\u00f3k ker\u00fclnek r\u00f6gz\u00edt\u00e9sre statisztikai c\u00e9lokb\u00f3l (IP c\u00edm, l\u00e1togat\u00e1s id\u0151tartama, stb). Ezen adatokat \u00dczemeltet\u0151 kiz\u00e1r\u00f3lag jogilag hitelesen indokolt, \u00e9s al\u00e1t\u00e1masztott esetben adja \u00e1t a hat\u00f3s\u00e1gok r\u00e9sz\u00e9re.<\/span><\/p>\r\n<p><span style=\"font-weight: 400;\">A szolg\u00e1ltat\u00e1s ig\u00e9nybev\u00e9tel\u00e9hez cookie-k enged\u00e9lyez\u00e9se sz\u00fcks\u00e9ges. Amennyiben nem szeretn\u00e9 enged\u00e9lyezni a cookie-k haszn\u00e1lat\u00e1t, letilthatja a b\u00f6ng\u00e9sz\u0151je be\u00e1ll\u00edt\u00e1saiban. Cookie-k tilt\u00e1sa eset\u00e9n a szolg\u00e1ltat\u00e1s bizonyos elemei csak r\u00e9szben, vagy egy\u00e1ltal\u00e1n nem haszn\u00e1lhat\u00f3ak. A cookie egy olyan f\u00e1jl, amelyet a szerver k\u00fcld a felhaszn\u00e1l\u00f3 b\u00f6ng\u00e9sz\u0151j\u00e9nek, \u00e9s amelyet a felhaszn\u00e1l\u00f3 sz\u00e1m\u00edt\u00f3g\u00e9pe t\u00e1rol. A cookie-ban szem\u00e9lyes adat nem ker\u00fcl t\u00e1rol\u00e1sra.<\/span><\/p>\r\n<p><span style=\"font-weight: 400;\">A megrendel\u00e9s folyam\u00e1n r\u00f6gz\u00edtett adatokat \u00dczemeltet\u0151 a megrendel\u00e9s teljes\u00edt\u00e9s\u00e9hez haszn\u00e1lja fel.\u00a0<\/span><\/p>\r\n<p><span style=\"font-weight: 400;\">A jelen \u00e1ltal\u00e1nos szerz\u0151d\u00e9si felt\u00e9telekben nem szab\u00e1lyozott k\u00e9rd\u00e9sekben a polg\u00e1ri t\u00f6rv\u00e9nyk\u00f6nyv, a t\u00e1vollev\u0151k k\u00f6z\u00f6tt k\u00f6t\u00f6tt szerz\u0151d\u00e9sekr\u0151l sz\u00f3l\u00f3 17\/1999 (II.5.) korm\u00e1nyrendelet, \u00e9s az elektronikus kereskedelmi szolg\u00e1ltat\u00e1sok, valamint az inform\u00e1ci\u00f3s t\u00e1rsadalommal \u00f6sszef\u00fcgg\u0151 szolg\u00e1ltat\u00e1sok egyes k\u00e9rd\u00e9seir\u0151l sz\u00f3l\u00f3 2001. \u00e9vi CVIII. tv. rendelkez\u00e9sei az ir\u00e1nyad\u00f3k. A web\u00e1ruh\u00e1z oldalainak b\u00f6ng\u00e9sz\u00e9s\u00e9vel, tov\u00e1bb\u00e1 megrendel\u00e9s\u00e9nek r\u00f6gz\u00edt\u00e9s\u00e9vel elfogadja \u00dczemeltet\u0151 \u00e1ltal\u00e1nos szerz\u0151d\u00e9si felt\u00e9teleit, tov\u00e1bb\u00e1 adatkezel\u00e9si elveit.<\/span><\/p>\r\n<p><span style=\"font-weight: 400;\">Si\u00f3fok, 2022<\/span><\/p>","protected":false},"excerpt":{"rendered":"<p>\u00c1ltal\u00e1nos szerz\u0151d\u00e9si felt\u00e9telek K\u00e9rj\u00fck, amennyiben akt\u00edv felhaszn\u00e1l\u00f3ja k\u00edv\u00e1nsz lenni szolg\u00e1ltat\u00e1sinknak, figyelmesen olvass el az \u00c1ltal\u00e1nos Szerz\u0151d\u00e9si Felt\u00e9teleinket \u00e9s kiz\u00e1r\u00f3lag abban az esetben vedd ig\u00e9nybe azokat, amennyiben minden pontj\u00e1val egyet\u00e9rtesz, \u00e9s k\u00f6telez\u0151 \u00e9rv\u00e9ny\u0171nek tekinted magadra n\u00e9zve. Jelen dokumentum nem ker\u00fcl iktat\u00e1sra, kiz\u00e1r\u00f3lag elektronikus form\u00e1ban ker\u00fcl megk\u00f6t\u00e9sre, k\u00e9s\u0151bbiekben nem kereshet\u0151 vissza, magatart\u00e1si k\u00f3dexre nem utal.\u00a0 \u00dczemeltet\u0151i adatok [&hellip;]<\/p>\n","protected":false},"author":1,"featured_media":0,"parent":0,"menu_order":0,"comment_status":"closed","ping_status":"open","template":"","meta":{"_et_pb_use_builder":"","_et_pb_old_content":"","_et_gb_content_width":"","footnotes":""},"class_list":["post-3","page","type-page","status-publish","hentry"],"_links":{"self":[{"href":"https:\/\/adrenalintour.hu\/en\/wp-json\/wp\/v2\/pages\/3","targetHints":{"allow":["GET"]}}],"collection":[{"href":"https:\/\/adrenalintour.hu\/en\/wp-json\/wp\/v2\/pages"}],"about":[{"href":"https:\/\/adrenalintour.hu\/en\/wp-json\/wp\/v2\/types\/page"}],"author":[{"embeddable":true,"href":"https:\/\/adrenalintour.hu\/en\/wp-json\/wp\/v2\/users\/1"}],"replies":[{"embeddable":true,"href":"https:\/\/adrenalintour.hu\/en\/wp-json\/wp\/v2\/comments?post=3"}],"version-history":[{"count":1,"href":"https:\/\/adrenalintour.hu\/en\/wp-json\/wp\/v2\/pages\/3\/revisions"}],"predecessor-version":[{"id":282,"href":"https:\/\/adrenalintour.hu\/en\/wp-json\/wp\/v2\/pages\/3\/revisions\/282"}],"wp:attachment":[{"href":"https:\/\/adrenalintour.hu\/en\/wp-json\/wp\/v2\/media?parent=3"}],"curies":[{"name":"wp","href":"https:\/\/api.w.org\/{rel}","templated":true}]}}