{"id":182,"date":"2022-04-02T09:24:19","date_gmt":"2022-04-02T09:24:19","guid":{"rendered":"https:\/\/adrenalintour.hu\/?page_id=182"},"modified":"2022-04-02T13:19:51","modified_gmt":"2022-04-02T13:19:51","slug":"bemutatkozas","status":"publish","type":"page","link":"https:\/\/adrenalintour.hu\/en\/bemutatkozas\/","title":{"rendered":"Introduction"},"content":{"rendered":"<p>[et_pb_section fb_built=&#8221;1&#8243; fullwidth=&#8221;on&#8221; admin_label=&#8221;Header&#8221; _builder_version=&#8221;4.16&#8243; background_color=&#8221;#b7b9c7&#8243; custom_padding=&#8221;0px|0|0px|0px|false|false&#8221; locked=&#8221;off&#8221; global_colors_info=&#8221;{}&#8221;][et_pb_fullwidth_header title=&#8221;Fedezd fel a Balatont!&#8221; subhead=&#8221;Egy Can Am Maverick X3 turboval!&#8221; text_orientation=&#8221;center&#8221; header_fullscreen=&#8221;on&#8221; button_one_text=&#8221;\u00c9RDEKEL!&#8221; button_one_url=&#8221;#tura&#8221; background_overlay_color=&#8221;rgba(83,90,128,0.3)&#8221; content_max_width=&#8221;90%&#8221; module_class=&#8221;open-tura&#8221; _builder_version=&#8221;4.16.0&#8243; title_font=&#8221;Noto Serif|700|||||||&#8221; title_text_align=&#8221;center&#8221; title_font_size=&#8221;70px&#8221; title_line_height=&#8221;1.1em&#8221; content_font=&#8221;Noto Sans||||||||&#8221; content_font_size=&#8221;18px&#8221; content_line_height=&#8221;2em&#8221; subhead_font=&#8221;Noto Sans||||||||&#8221; subhead_text_align=&#8221;center&#8221; subhead_font_size=&#8221;30px&#8221; subhead_line_height=&#8221;2em&#8221; background_color=&#8221;rgba(255,255,255,0)&#8221; background_image=&#8221;https:\/\/adrenalintour.hu\/wp-content\/uploads\/2022\/03\/ZY-Photo-2019-04-19-00000044.jpg&#8221; parallax=&#8221;on&#8221; parallax_method=&#8221;on&#8221; custom_button_one=&#8221;on&#8221; button_one_text_size=&#8221;17px&#8221; button_one_text_color=&#8221;#ffffff&#8221; button_one_bg_color=&#8221;#ff6b5a&#8221; button_one_border_width=&#8221;7px&#8221; button_one_border_color=&#8221;#ff6b5a&#8221; button_one_border_radius=&#8221;100px&#8221; button_one_font=&#8221;Noto Sans|700||on|||||&#8221; button_one_use_icon=&#8221;off&#8221; custom_margin=&#8221;|||&#8221; custom_padding=&#8221;110px||110px||true&#8221; custom_padding_tablet=&#8221;100px|||&#8221; custom_padding_phone=&#8221;&#8221; custom_padding_last_edited=&#8221;on|phone&#8221; animation_style=&#8221;fade&#8221; animation_direction=&#8221;top&#8221; title_font_size_tablet=&#8221;40px&#8221; title_font_size_phone=&#8221;&#8221; title_font_size_last_edited=&#8221;on|tablet&#8221; subhead_font_size_tablet=&#8221;&#8221; subhead_font_size_phone=&#8221;20px&#8221; subhead_font_size_last_edited=&#8221;on|desktop&#8221; subhead_line_height_tablet=&#8221;&#8221; subhead_line_height_phone=&#8221;1.5em&#8221; subhead_line_height_last_edited=&#8221;on|phone&#8221; button_one_text_color_hover=&#8221;#ffffff&#8221; button_one_border_color_hover=&#8221;#ff9e59&#8243; button_one_border_radius_hover=&#8221;100px&#8221; button_one_bg_color_hover=&#8221;#ff9e59&#8243; global_colors_info=&#8221;{}&#8221; button_one_text_size__hover_enabled=&#8221;off&#8221; button_two_text_size__hover_enabled=&#8221;off&#8221; button_one_text_color__hover_enabled=&#8221;on&#8221; button_one_text_color__hover=&#8221;#ffffff&#8221; button_two_text_color__hover_enabled=&#8221;off&#8221; button_one_border_width__hover_enabled=&#8221;off&#8221; button_two_border_width__hover_enabled=&#8221;off&#8221; button_one_border_color__hover_enabled=&#8221;on&#8221; button_one_border_color__hover=&#8221;#ff9e59&#8243; button_two_border_color__hover_enabled=&#8221;off&#8221; button_one_border_radius__hover_enabled=&#8221;on&#8221; button_one_border_radius__hover=&#8221;100px&#8221; button_two_border_radius__hover_enabled=&#8221;off&#8221; button_one_letter_spacing__hover_enabled=&#8221;off&#8221; button_two_letter_spacing__hover_enabled=&#8221;off&#8221; button_one_bg_color__hover_enabled=&#8221;on&#8221; button_one_bg_color__hover=&#8221;#ff9e59&#8243; button_two_bg_color__hover_enabled=&#8221;off&#8221;]<\/p>\n<p>&#8230;<\/p>\n<p>Az Adrenalin tour lehet\u0151s\u00e9get ny\u00fajt arra hogy kipr\u00f3b\u00e1lhasd az extr\u00e9m terepez\u00e9s legkiv\u00e1l\u00f3bb j\u00e1rg\u00e1ny\u00e1t a Can Am Maverick X3 turbot, \u00e9s \u00e9lvezd a balatoni panor\u00e1m\u00e1t, vagy az erd\u0151 illat\u00e1t,a term\u00e9szet k\u00f6zels\u00e9g\u00e9t. T\u00fara k\u00f6zben l\u00e1thatsz \u0151zeket, nyulakat (ha lesz id\u0151d b\u00e1m\u00e9szkodni!) \ud83d\ude42<br \/>De nem biztos hogy ez ny\u0171g\u00f6z le&#8230;. akkor tal\u00e1n&#8230;<\/p>\n<ul>\n<li>amikor a h\u00e1tad m\u00f6g\u00f6tt 170 l\u00f3er\u0151 emeli az adrenalint?<\/li>\n<li>vagy, hogy hatalmas rug\u00f3k gondoskodnak r\u00f3la, hogy kisimuljon a terep alattad?<\/li>\n<li>vagy az, hogy egy yoshimura rendszer borzolja a ked\u00e9lyeidet?<\/li>\n<\/ul>\n<p>A kijel\u00f6lt \u00fatvonalon k\u00edv\u00fcl egy\u00e9ni t\u00far\u00e1kon ismerheted meg a Balatonk\u00f6rny\u00e9k hangulatos falvait, gy\u00f6ny\u00f6r\u0171 dombjait, tavait, elfeledett v\u00e1rromjait a 2 szem\u00e9lyes \u201cBuggy\u201d val aminek a vezet\u00e9se felejthetetlen \u00e9lm\u00e9ny!<\/p>\n<p>[\/et_pb_fullwidth_header][\/et_pb_section][et_pb_section fb_built=&#8221;1&#8243; disabled_on=&#8221;off|off|off&#8221; _builder_version=&#8221;4.16&#8243; global_colors_info=&#8221;{}&#8221;][et_pb_row _builder_version=&#8221;4.16.0&#8243; _module_preset=&#8221;default&#8221; global_colors_info=&#8221;{}&#8221;][et_pb_column type=&#8221;4_4&#8243; _builder_version=&#8221;4.16.0&#8243; _module_preset=&#8221;default&#8221; global_colors_info=&#8221;{}&#8221;][et_pb_text admin_label=&#8221;a t\u00far\u00e1r\u00f3l, intro&#8221; module_id=&#8221;tura&#8221; _builder_version=&#8221;4.16.0&#8243; text_font=&#8221;Noto Sans||||||||&#8221; text_font_size=&#8221;17px&#8221; text_line_height=&#8221;2em&#8221; link_font=&#8221;||||||||&#8221; ul_font=&#8221;||||||||&#8221; ol_font=&#8221;||||||||&#8221; quote_font=&#8221;||||||||&#8221; header_font=&#8221;||||||||&#8221; header_2_font=&#8221;Noto Serif|700|||||||&#8221; header_2_font_size=&#8221;44px&#8221; header_2_line_height=&#8221;1.5em&#8221; text_orientation=&#8221;center&#8221; max_width=&#8221;800px&#8221; module_alignment=&#8221;center&#8221; header_2_font_size_tablet=&#8221;&#8221; header_2_font_size_phone=&#8221;34px&#8221; header_2_font_size_last_edited=&#8221;on|phone&#8221; global_colors_info=&#8221;{}&#8221;]<\/p>\n<h2>A t\u00far\u00e1r\u00f3l, amit j\u00f3 ha tudsz!<\/h2>\n<ul>\n<li style=\"text-align: left;\">A j\u00e1rm\u0171 2 szem\u00e9lyes.<\/li>\n<li style=\"text-align: left;\">Csak \u00e9rv\u00e9nyes jogos\u00edtv\u00e1nnyal vezethet\u0151.<\/li>\n<li style=\"text-align: left;\">Ha nincs jogsid, utask\u00e9nt \u00e9lheted \u00e1t az izgalmas kir\u00e1ndul\u00e1st.<\/li>\n<li style=\"text-align: left;\">A t\u00fara Si\u00f3fok k\u00f6rny\u00e9k\u00e9r\u0151l indul. Ez id\u0151 alatt te vezeted az aut\u00f3t 10perc kiv\u00e9tel\u00e9vel, m\u00e1sik utas a t\u00faravezet\u0151.<\/li>\n<\/ul>\n<p><strong>Tippek:<\/strong><\/p>\n<ul>\n<li style=\"text-align: left;\">Izgulsz? Helyes! <strong>DE:<\/strong> nyugtat\u00f3 gyan\u00e1nt nem j\u00f3 \u00f6tlet bedobni egy felest! A z\u00e9r\u00f3 tolerancia erre a g\u00e9psz\u00f6rnyre is vonatkozik, ittasan ezt sem vezetheted! Ebben az esetben csak utask\u00e9nt gy\u00f6ny\u00f6rk\u00f6dhetsz a panor\u00e1m\u00e1ban! (hidd el, \u00edgy is meg\u00e9ri!)<\/li>\n<li style=\"text-align: left;\">Ne k\u00f6zvetlen\u00fcl a fodr\u00e1szat ut\u00e1n gyere, lehet hogy \u00f6sszeborzolja a menetsz\u00e9l a hajad!<\/li>\n<li style=\"text-align: left;\">Hagyd otthon a kisest\u00e9lyit, mert lehet, hogy s\u00e1ros (is) leszel! \ud83d\ude42<\/li>\n<li style=\"text-align: left;\">A t\u0171sark\u00fa sem ide\u00e1lis v\u00e1laszt\u00e1s terepen vezet\u00e9shez!<\/li>\n<\/ul>\n<p>[\/et_pb_text][et_pb_divider _builder_version=&#8221;4.16.0&#8243; _module_preset=&#8221;default&#8221; global_colors_info=&#8221;{}&#8221;][\/et_pb_divider][\/et_pb_column][\/et_pb_row][et_pb_row column_structure=&#8221;1_3,1_3,1_3&#8243; admin_label=&#8221;A t\u00far\u00e1r\u00f3l&#8221; _builder_version=&#8221;4.16.0&#8243; global_colors_info=&#8221;{}&#8221;][et_pb_column type=&#8221;1_3&#8243; _builder_version=&#8221;4.16&#8243; custom_padding=&#8221;|||&#8221; global_colors_info=&#8221;{}&#8221; custom_padding__hover=&#8221;|||&#8221;][et_pb_image src=&#8221;https:\/\/adrenalintour.hu\/wp-content\/uploads\/2022\/03\/ZY-Photo-2019-04-19-00000036.jpg&#8221; title_text=&#8221;ZY-Photo-2019-04-19-00000036&#8243; force_fullwidth=&#8221;on&#8221; align_tablet=&#8221;center&#8221; align_phone=&#8221;center&#8221; align_last_edited=&#8221;on|desktop&#8221; _builder_version=&#8221;4.16.0&#8243; animation_style=&#8221;zoom&#8221; animation_delay=&#8221;50ms&#8221; animation_intensity_zoom=&#8221;6%&#8221; locked=&#8221;off&#8221; global_colors_info=&#8221;{}&#8221;][\/et_pb_image][et_pb_text admin_label=&#8221;r\u00f6vid t\u00fara&#8221; _builder_version=&#8221;4.16.0&#8243; text_font=&#8221;Noto Sans||||||||&#8221; text_font_size=&#8221;17px&#8221; text_line_height=&#8221;1.9em&#8221; link_font=&#8221;||||||||&#8221; ul_font=&#8221;||||||||&#8221; ol_font=&#8221;||||||||&#8221; quote_font=&#8221;||||||||&#8221; header_font=&#8221;||||||||&#8221; header_text_align=&#8221;center&#8221; header_2_font=&#8221;Noto Serif|700|||||||&#8221; header_2_font_size=&#8221;44px&#8221; header_2_line_height=&#8221;1.5em&#8221; header_3_font=&#8221;||||||||&#8221; max_width=&#8221;800px&#8221; module_alignment=&#8221;center&#8221; header_2_font_size_tablet=&#8221;&#8221; header_2_font_size_phone=&#8221;34px&#8221; header_2_font_size_last_edited=&#8221;on|phone&#8221; locked=&#8221;off&#8221; global_colors_info=&#8221;{}&#8221;]<\/p>\n<h2>R\u00f6vid t\u00fara<\/h2>\n<p>Ez a t\u00fara 45 perces, itt utask\u00e9nt(?) \u00e9lvezheted a gyors kanyarokat a v\u00e1ros sz\u00e9li dzsungelben<\/p>\n<p>[\/et_pb_text][\/et_pb_column][et_pb_column type=&#8221;1_3&#8243; _builder_version=&#8221;4.16&#8243; custom_padding=&#8221;|||&#8221; global_colors_info=&#8221;{}&#8221; custom_padding__hover=&#8221;|||&#8221;][et_pb_image src=&#8221;https:\/\/adrenalintour.hu\/wp-content\/uploads\/2022\/03\/ZY-Photo-2019-04-19-00000044.jpg&#8221; title_text=&#8221;ZY-Photo-2019-04-19-00000044&#8243; force_fullwidth=&#8221;on&#8221; align_tablet=&#8221;center&#8221; align_phone=&#8221;center&#8221; align_last_edited=&#8221;on|desktop&#8221; _builder_version=&#8221;4.16.0&#8243; animation_style=&#8221;zoom&#8221; animation_delay=&#8221;175ms&#8221; animation_intensity_zoom=&#8221;6%&#8221; locked=&#8221;off&#8221; global_colors_info=&#8221;{}&#8221;][\/et_pb_image][et_pb_text admin_label=&#8221;\u00e1ltal\u00e1nos t\u00fara&#8221; _builder_version=&#8221;4.16.0&#8243; text_font=&#8221;Noto Sans||||||||&#8221; text_font_size=&#8221;17px&#8221; text_line_height=&#8221;1.9em&#8221; link_font=&#8221;||||||||&#8221; ul_font=&#8221;||||||||&#8221; ol_font=&#8221;||||||||&#8221; quote_font=&#8221;||||||||&#8221; header_font=&#8221;||||||||&#8221; header_text_align=&#8221;center&#8221; header_2_font=&#8221;Noto Serif|700|||||||&#8221; header_2_font_size=&#8221;44px&#8221; header_2_line_height=&#8221;1.5em&#8221; header_3_font=&#8221;||||||||&#8221; max_width=&#8221;800px&#8221; module_alignment=&#8221;center&#8221; header_2_font_size_tablet=&#8221;&#8221; header_2_font_size_phone=&#8221;34px&#8221; header_2_font_size_last_edited=&#8221;on|phone&#8221; locked=&#8221;off&#8221; global_colors_info=&#8221;{}&#8221;]<\/p>\n<h2>\u00c1ltal\u00e1nos t\u00fara<\/h2>\n<p>A t\u00fara 80 perces, vigy\u00e1zz! Itt TE vezetsz!<\/p>\n<p>Erd\u0151sz\u00e9le, falusz\u00e9le, mez\u0151, aszfalt, f\u00f6ld, murv\u00e1s \u00fat \u00e9s panor\u00e1m\u00e1s kil\u00e1t\u00f3 l\u00e1togat\u00e1st tartalmaz ez a program.<\/p>\n<p>[\/et_pb_text][\/et_pb_column][et_pb_column type=&#8221;1_3&#8243; _builder_version=&#8221;4.16&#8243; custom_padding=&#8221;|||&#8221; global_colors_info=&#8221;{}&#8221; custom_padding__hover=&#8221;|||&#8221;][et_pb_image src=&#8221;https:\/\/adrenalintour.hu\/wp-content\/uploads\/2022\/04\/IMG_4618.jpg&#8221; title_text=&#8221;IMG_4618&#8243; force_fullwidth=&#8221;on&#8221; align_tablet=&#8221;center&#8221; align_phone=&#8221;center&#8221; align_last_edited=&#8221;on|desktop&#8221; _builder_version=&#8221;4.16.0&#8243; animation_style=&#8221;zoom&#8221; animation_delay=&#8221;175ms&#8221; animation_intensity_zoom=&#8221;6%&#8221; locked=&#8221;off&#8221; global_colors_info=&#8221;{}&#8221;][\/et_pb_image][et_pb_text admin_label=&#8221;hossz\u00fa t\u00fara&#8221; _builder_version=&#8221;4.16.0&#8243; text_font=&#8221;Noto Sans||||||||&#8221; text_font_size=&#8221;17px&#8221; text_line_height=&#8221;1.9em&#8221; link_font=&#8221;||||||||&#8221; ul_font=&#8221;||||||||&#8221; ol_font=&#8221;||||||||&#8221; quote_font=&#8221;||||||||&#8221; header_font=&#8221;||||||||&#8221; header_text_align=&#8221;center&#8221; header_2_font=&#8221;Noto Serif|700|||||||&#8221; header_2_font_size=&#8221;44px&#8221; header_2_line_height=&#8221;1.5em&#8221; header_3_font=&#8221;||||||||&#8221; max_width=&#8221;800px&#8221; module_alignment=&#8221;center&#8221; header_2_font_size_tablet=&#8221;&#8221; header_2_font_size_phone=&#8221;34px&#8221; header_2_font_size_last_edited=&#8221;on|phone&#8221; locked=&#8221;off&#8221; global_colors_info=&#8221;{}&#8221;]<\/p>\n<h2>Extr\u00e9m t\u00fara<\/h2>\n<p>Ez a t\u00fara 160 perces, te vezetsz!<\/p>\n<p>A program v\u00e1laszthat\u00f3, kombin\u00e1lhat\u00f3 a panor\u00e1ma t\u00far\u00e1val<\/p>\n<p>[\/et_pb_text][\/et_pb_column][\/et_pb_row][et_pb_row _builder_version=&#8221;4.16&#8243; locked=&#8221;off&#8221; global_colors_info=&#8221;{}&#8221;][et_pb_column type=&#8221;4_4&#8243; _builder_version=&#8221;4.16&#8243; custom_padding=&#8221;|||&#8221; global_colors_info=&#8221;{}&#8221; custom_padding__hover=&#8221;|||&#8221;][et_pb_text admin_label=&#8221;szem\u00e9lyreszabott t\u00fara&#8221; module_id=&#8221;tura&#8221; _builder_version=&#8221;4.16.0&#8243; text_font=&#8221;Noto Sans||||||||&#8221; text_font_size=&#8221;17px&#8221; text_line_height=&#8221;2em&#8221; link_font=&#8221;||||||||&#8221; ul_font=&#8221;||||||||&#8221; ol_font=&#8221;||||||||&#8221; quote_font=&#8221;||||||||&#8221; header_font=&#8221;||||||||&#8221; header_2_font=&#8221;Noto Serif|700|||||||&#8221; header_2_font_size=&#8221;44px&#8221; header_2_line_height=&#8221;1.5em&#8221; text_orientation=&#8221;center&#8221; max_width=&#8221;800px&#8221; module_alignment=&#8221;center&#8221; header_2_font_size_tablet=&#8221;&#8221; header_2_font_size_phone=&#8221;34px&#8221; header_2_font_size_last_edited=&#8221;on|phone&#8221; global_colors_info=&#8221;{}&#8221;]<\/p>\n<p>Ig\u00e9ny szerint hosszabb, szem\u00e9lyre szabott t\u00far\u00e1ra is lehet\u0151s\u00e9ged van.<\/p>\n<p>Terepbej\u00e1r\u00e1sra,kutat\u00e1sra,is rendelkez\u00e9sre \u00e1llunk.<\/p>\n<p>\u00c9rdekl\u0151dj telefonon: <a href=\"tel:+36309424898\">+36309424898<\/a> vagy <a href=\"https:\/\/www.facebook.com\/adrenalintour.balaton\">Facebookon<\/a><\/p>\n<p>[\/et_pb_text][\/et_pb_column][\/et_pb_row][\/et_pb_section][et_pb_section fb_built=&#8221;1&#8243; admin_label=&#8221;Recent Travels&#8221; _builder_version=&#8221;4.16&#8243; custom_padding=&#8221;80px|0px|80px|0px|true|false&#8221; global_colors_info=&#8221;{}&#8221;][et_pb_row _builder_version=&#8221;4.16&#8243; custom_padding=&#8221;|||&#8221; global_colors_info=&#8221;{}&#8221;][et_pb_column type=&#8221;4_4&#8243; _builder_version=&#8221;4.16&#8243; custom_padding=&#8221;|||&#8221; global_colors_info=&#8221;{}&#8221; custom_padding__hover=&#8221;|||&#8221;][et_pb_text _builder_version=&#8221;4.16.0&#8243; text_font=&#8221;Noto Sans||||||||&#8221; text_font_size=&#8221;17px&#8221; text_line_height=&#8221;2em&#8221; link_font=&#8221;||||||||&#8221; ul_font=&#8221;||||||||&#8221; ol_font=&#8221;||||||||&#8221; quote_font=&#8221;||||||||&#8221; header_font=&#8221;||||||||&#8221; header_2_font=&#8221;Noto Serif|700|||||||&#8221; header_2_font_size=&#8221;44px&#8221; header_2_line_height=&#8221;1.5em&#8221; text_orientation=&#8221;center&#8221; max_width=&#8221;800px&#8221; module_alignment=&#8221;center&#8221; header_2_font_size_tablet=&#8221;&#8221; header_2_font_size_phone=&#8221;34px&#8221; header_2_font_size_last_edited=&#8221;on|phone&#8221; global_colors_info=&#8221;{}&#8221;]<\/p>\n<h2>Legut\u00f3bbi bejegyz\u00e9sek<\/h2>\n<p>Akik m\u00e1r t\u00far\u00e1ztak elmondj\u00e1k \u00e9lm\u00e9nyeiket<\/p>\n<p>[\/et_pb_text][\/et_pb_column][\/et_pb_row][et_pb_row admin_label=&#8221;Blog&#8221; _builder_version=&#8221;4.16&#8243; custom_padding=&#8221;|||&#8221; global_colors_info=&#8221;{}&#8221;][et_pb_column type=&#8221;4_4&#8243; _builder_version=&#8221;4.16&#8243; custom_padding=&#8221;|||&#8221; global_colors_info=&#8221;{}&#8221; custom_padding__hover=&#8221;|||&#8221;][et_pb_blog fullwidth=&#8221;off&#8221; posts_number=&#8221;3&#8243; include_categories=&#8221;1,current,all&#8221; meta_date=&#8221;Y F j,&#8221; show_author=&#8221;off&#8221; show_date=&#8221;off&#8221; show_categories=&#8221;off&#8221; show_pagination=&#8221;off&#8221; _builder_version=&#8221;4.16.0&#8243; header_level=&#8221;h3&#8243; header_font=&#8221;Noto Serif|700|||||||&#8221; header_font_size=&#8221;24px&#8221; header_line_height=&#8221;1.5em&#8221; body_font=&#8221;Noto Sans||||||||&#8221; body_font_size=&#8221;17px&#8221; body_line_height=&#8221;1.9em&#8221; meta_font=&#8221;Noto Sans|700|||||||&#8221; meta_text_color=&#8221;#ff6b5a&#8221; border_radii=&#8221;on|3px|3px|3px|3px&#8221; border_width_all=&#8221;0px&#8221; border_color_all=&#8221;#ececec&#8221; box_shadow_style=&#8221;preset3&#8243; box_shadow_vertical=&#8221;52px&#8221; box_shadow_blur=&#8221;80px&#8221; box_shadow_spread=&#8221;0px&#8221; box_shadow_color=&#8221;rgba(0,36,73,0.07)&#8221; global_colors_info=&#8221;{}&#8221;][\/et_pb_blog][et_pb_button button_text=&#8221;N\u00e9zd meg az \u00f6sszes bejegyz\u00e9st&#8221; button_alignment=&#8221;center&#8221; _builder_version=&#8221;4.16.0&#8243; custom_button=&#8221;on&#8221; button_text_size=&#8221;17px&#8221; button_bg_color=&#8221;#ff6b5a&#8221; button_border_width=&#8221;5px&#8221; button_border_color=&#8221;#ff6b5a&#8221; button_border_radius=&#8221;100px&#8221; button_font=&#8221;Noto Sans|700||on|||||&#8221; button_use_icon=&#8221;off&#8221; background_layout=&#8221;dark&#8221; hover_enabled=&#8221;0&#8243; button_border_color_hover=&#8221;#ff9e59&#8243; button_bg_color_hover=&#8221;#ff9e59&#8243; locked=&#8221;off&#8221; global_colors_info=&#8221;{}&#8221; button_text_size__hover_enabled=&#8221;off&#8221; button_one_text_size__hover_enabled=&#8221;off&#8221; button_two_text_size__hover_enabled=&#8221;off&#8221; button_text_color__hover_enabled=&#8221;off&#8221; button_one_text_color__hover_enabled=&#8221;off&#8221; button_two_text_color__hover_enabled=&#8221;off&#8221; button_border_width__hover_enabled=&#8221;off&#8221; button_one_border_width__hover_enabled=&#8221;off&#8221; button_two_border_width__hover_enabled=&#8221;off&#8221; button_border_color__hover_enabled=&#8221;on&#8221; button_border_color__hover=&#8221;#ff9e59&#8243; button_one_border_color__hover_enabled=&#8221;off&#8221; button_two_border_color__hover_enabled=&#8221;off&#8221; button_border_radius__hover_enabled=&#8221;off&#8221; button_one_border_radius__hover_enabled=&#8221;off&#8221; button_two_border_radius__hover_enabled=&#8221;off&#8221; button_letter_spacing__hover_enabled=&#8221;off&#8221; button_one_letter_spacing__hover_enabled=&#8221;off&#8221; button_two_letter_spacing__hover_enabled=&#8221;off&#8221; button_bg_color__hover_enabled=&#8221;on&#8221; button_bg_color__hover=&#8221;#ff9e59&#8243; button_one_bg_color__hover_enabled=&#8221;off&#8221; button_two_bg_color__hover_enabled=&#8221;off&#8221; button_url=&#8221;\/category\/egyeb\/&#8221; sticky_enabled=&#8221;0&#8243;][\/et_pb_button][\/et_pb_column][\/et_pb_row][\/et_pb_section]<\/p>\n","protected":false},"excerpt":{"rendered":"<p>&#8230; Az Adrenalin tour lehet\u0151s\u00e9get ny\u00fajt arra hogy kipr\u00f3b\u00e1lhasd az extr\u00e9m terepez\u00e9s legkiv\u00e1l\u00f3bb j\u00e1rg\u00e1ny\u00e1t a Can Am Maverick X3 turbot, \u00e9s \u00e9lvezd a balatoni panor\u00e1m\u00e1t, vagy az erd\u0151 illat\u00e1t,a term\u00e9szet k\u00f6zels\u00e9g\u00e9t. T\u00fara k\u00f6zben l\u00e1thatsz \u0151zeket, nyulakat (ha lesz id\u0151d b\u00e1m\u00e9szkodni!) :-)De nem biztos hogy ez ny\u0171g\u00f6z le&#8230;. akkor tal\u00e1n&#8230; amikor a h\u00e1tad m\u00f6g\u00f6tt 170 l\u00f3er\u0151 [&hellip;]<\/p>\n","protected":false},"author":1,"featured_media":0,"parent":0,"menu_order":0,"comment_status":"closed","ping_status":"closed","template":"","meta":{"_et_pb_use_builder":"on","_et_pb_old_content":"","_et_gb_content_width":"","footnotes":""},"class_list":["post-182","page","type-page","status-publish","hentry"],"_links":{"self":[{"href":"https:\/\/adrenalintour.hu\/en\/wp-json\/wp\/v2\/pages\/182","targetHints":{"allow":["GET"]}}],"collection":[{"href":"https:\/\/adrenalintour.hu\/en\/wp-json\/wp\/v2\/pages"}],"about":[{"href":"https:\/\/adrenalintour.hu\/en\/wp-json\/wp\/v2\/types\/page"}],"author":[{"embeddable":true,"href":"https:\/\/adrenalintour.hu\/en\/wp-json\/wp\/v2\/users\/1"}],"replies":[{"embeddable":true,"href":"https:\/\/adrenalintour.hu\/en\/wp-json\/wp\/v2\/comments?post=182"}],"version-history":[{"count":32,"href":"https:\/\/adrenalintour.hu\/en\/wp-json\/wp\/v2\/pages\/182\/revisions"}],"predecessor-version":[{"id":241,"href":"https:\/\/adrenalintour.hu\/en\/wp-json\/wp\/v2\/pages\/182\/revisions\/241"}],"wp:attachment":[{"href":"https:\/\/adrenalintour.hu\/en\/wp-json\/wp\/v2\/media?parent=182"}],"curies":[{"name":"wp","href":"https:\/\/api.w.org\/{rel}","templated":true}]}}